{"id":1306,"date":"2022-12-07T17:25:26","date_gmt":"2022-12-07T16:25:26","guid":{"rendered":"https:\/\/www.tomatofanny.com\/?page_id=1306"},"modified":"2022-12-07T17:25:27","modified_gmt":"2022-12-07T16:25:27","slug":"2-un-potager-de-quelle-taille","status":"publish","type":"page","link":"https:\/\/www.tomatofanny.com\/index.php\/2-un-potager-de-quelle-taille\/","title":{"rendered":"2\/Un potager de quelle taille ?"},"content":{"rendered":"\n<p>Pour votre\u00a0 premier potager, ne voyez pas trop grand. La culture de votre potager doit repr\u00e9senter un plaisir et non une corv\u00e9e\u00a0!<\/p>\n<p>Les potagers traditionnels s\u2019organisent en \u00ab\u00a0planches\u00a0\u00bb rectangulaires ou en carr\u00e9s. D\u00e9butez avec quelques planches ou\u00a0carr\u00e9s&#8230;<\/p>\n<p>Apr\u00e8s une premi\u00e8re saison de culture, vous pourrez\u00a0 ajouter quelques planches ou carr\u00e9s suppl\u00e9mentaires.<\/p>\n<p>Le fait d&rsquo;agrandir progressivement votre potager vous \u00e9vite de vous d\u00e9courager avec une surface trop importante que vous risquez de g\u00e9rer avec peine.<\/p>\n<h4><strong>Un potager de 30 m\u00b2\u00a0:<\/strong><\/h4>\n<p>Pour d\u00e9buter un premier potager en ligne ou en carr\u00e9, commencez par cultiver 30\u00a0m\u00b2, cela vous permettra de vous r\u00f4der en douceur aux diff\u00e9rentes t\u00e2ches n\u00e9cessaires\u00a0: b\u00eacher, amender, semer, repiquer, tuteurer, biner, d\u00e9sherber, arroser, traiter, r\u00e9colter.<\/p>\n<p>Apr\u00e8s le travail de la terre et les premiers semis ou repiquages, un potager de 30\u00a0m\u00b2 demande environ 2 heures de travail par semaine, selon les saisons et les techniques que vous utilisez.<\/p>\n<p><strong>Que pouvez-vous planter ?<\/strong><\/p>\n<ul>\n<li>Sur\u00a0 une petite surface, \u00e9vitez de trop diversifier les cultures afin d&rsquo;avoir suffisamment de chaque.<\/li>\n<li>Privil\u00e9giez les l\u00e9gumes faciles \u00e0 cultiver et de bon rendement, comme les tomates, les courgettes, les aubergines, les betteraves ou les carottes, quelques oignons, \u00e9chalotes et des fines herbes.<\/li>\n<li>Dans les planches lib\u00e9r\u00e9es par une r\u00e9colte, plantez ou semez des salades ou des radis.<\/li>\n<li>Compl\u00e9tez par des cultures en hauteur, comme des concombres et des haricots \u00e0 rame.<\/li>\n<\/ul>\n<p>Avec les l\u00e9gumes cit\u00e9s ci-dessus, vous pouvez r\u00e9colter au moins 1,5\u00a0kg\/m\u00b2.<\/p>\n<h4><strong>Un potager de 100 m\u00b2\u00a0:<\/strong><\/h4>\n<p>100\u00a0m\u00b2, pour une culture qui reste un loisir mais permet d\u00e9j\u00e0 des r\u00e9coltes de l\u00e9gumes frais int\u00e9ressantes.<\/p>\n<p>Apr\u00e8s le travail initial de la terre et les premiers semis ou repiquages, un potager de 100\u00a0m\u00b2 demande environ une grosse demi-journ\u00e9e de travail par semaine plus quelques interventions ponctuelles, selon les saisons et les techniques que vous utilisez.<\/p>\n<p>La vous pouvez commencer \u00e0 diversifier les cultures et \u00e0 \u00e9taler vos r\u00e9coltes sur toute l\u2019ann\u00e9e, y compris en hiver.<\/p>\n<p>En plus des l\u00e9gumes mentionn\u00e9s ci-dessus, vous pouvez cultiver\u00a0:<\/p>\n<ul>\n<li>haricots\u00a0 nains, petits pois, \u00e9pinards, radis, bettes, navets, poivrons, artichauts, en privil\u00e9giant les l\u00e9gumes que vous pr\u00e9f\u00e9rez\u00a0;<\/li>\n<li>pommes de terre en quantit\u00e9 mod\u00e9r\u00e9e et quelques choux\u00a0et des fraises.<\/li>\n<\/ul>\n<p>Un potager de 100\u00a0m\u00b2 vous assure la quantit\u00e9 n\u00e9cessaire pour deux une grande partie de l\u2019ann\u00e9e.<\/p>\n<h4><strong>Un potager de 300 \u00e0 500 m\u00b2 et plus\u00a0:<\/strong><\/h4>\n<p>Semer, planter et entretenir un potager de 300 \u00e0 500\u00a0m\u00b2, sans parler de la r\u00e9colte des l\u00e9gumes et de leur conservation, c\u2019est un vrai travail, quasi quotidien, par s\u00e9quence de 2\u00a0heures minimum.<\/p>\n<p>Tous les l\u00e9gumes trouvent leur place dans ce potager :<\/p>\n<ul>\n<li>Les l\u00e9gumes exigeants en place\u00a0: pommes de terre, courges, potirons,\u00a0 melons, past\u00e8ques\u2026<\/li>\n<li>Les l\u00e9gumes qui reste longtemps en place\u00a0: panais, choux, poireaux, c\u00e9leri, asperges, fenouil, f\u00e8ves, haricots secs\u2026<\/li>\n<\/ul>\n<p>Avec une surface de 80 \u00e0 100\u00a0m\u00b2\/personne, vous assurez la quantit\u00e9 suffisante de l\u00e9gumes; c\u2019est un vrai potager nourricier, vous assurant une autonomie en l\u00e9gumes<strong>.<\/strong><\/p>\n<h4><strong>Un potager en carr\u00e9 <\/strong><\/h4>\n<p>Le potager sur\u00e9lev\u00e9 en carr\u00e9, permet de circuler autour sans jamais marcher dessus. On utilise des carr\u00e9s d\u2019une taille sp\u00e9cifique 1,20\u00a0m de c\u00f4t\u00e9 (taille standard d\u2019une palette)\u00a0 elle-m\u00eame subdivis\u00e9e en carr\u00e9s.<\/p>\n<p>Apr\u00e8s le travail de la terre et les premiers semis ou repiquages, un potager de 2 carr\u00e9s demande environ 1\u00a0heure de travail par semaine ou plus, selon la taille.<\/p>\n<ul>\n<li>Du fait de l\u2019espace compt\u00e9, \u00e9vitez\u00a0:<\/li>\n<\/ul>\n<p>Les l\u00e9gumes comme pommes de terre, courges, potirons, citrouilles\u2026 exigeants en place\u00a0<\/p>\n<p>Les l\u00e9gumes restent longtemps\u00a0: panais, choux, poireaux\u2026<\/p>\n<ul>\n<li>Privil\u00e9giez ces qui lib\u00e8rent rapidement de la place pour d\u2019autres\u00a0: les radis et les l\u00e9gumes-feuilles (salades et \u00e9pinards)\u2026<\/li>\n<li>Privil\u00e9giez aussi, comme pour un petit potager traditionnel, les l\u00e9gumes faciles \u00e0 cultiver et de bon rendement\u00a0: les tomates, les courgettes, les aubergines, les poivrons, betteraves ou carottes, quelques oignons, \u00e9chalotes et des fines herbes.<\/li>\n<li>Ajoutez \u00e9ventuellement des choux en petite quantit\u00e9 (1 de chaque)\u00a0: chou, chou-fleur, brocoli.<\/li>\n<li>Plantez \u00e9galement des l\u00e9gumes grimpants: haricots et petit-pois grimpants, concombres\u2026<\/li>\n<\/ul>\n<p>Si dessous un tableau \u00e0 tire indicatif sur les quantit\u00e9s a plant\u00e9.<\/p>\n<p>Article et photos par Tomatofanny.<\/p>\n<p><u>Planifier son potager pour 2 ou 4 personnes<\/u><\/p>\n<table style=\"width: 97.8261%;\" width=\"627\">\n<tbody>\n<tr>\n<td style=\"width: 32.1739%;\">\n<p><strong>L\u00e9gumes<\/strong><\/p>\n<\/td>\n<td style=\"width: 34.3478%;\" width=\"237\">\n<p><strong>2 personnes<\/strong><\/p>\n<\/td>\n<td style=\"width: 33.4976%;\" width=\"215\">\n<p><strong>4 personnes<\/strong><\/p>\n<\/td>\n<td style=\"width: 1.48148%;\" width=\"6\">\u00a0<\/td>\n<\/tr>\n<tr>\n<td style=\"width: 32.1739%;\">\n<p><u>Ail<\/u><\/p>\n<\/td>\n<td style=\"width: 34.3478%;\" width=\"237\">\n<p>5 m, soit 25 cayeux<\/p>\n<\/td>\n<td style=\"width: 33.4976%;\" width=\"215\">\n<p>10 m, soit 50 cayeux<\/p>\n<\/td>\n<td style=\"width: 1.48148%;\" width=\"6\">\u00a0<\/td>\n<\/tr>\n<tr>\n<td style=\"width: 32.1739%;\">\n<p><u>Artichaut<\/u><\/p>\n<\/td>\n<td style=\"width: 34.3478%;\" width=\"237\">\n<p>3 plants<\/p>\n<\/td>\n<td style=\"width: 33.4976%;\" width=\"215\">\n<p>5 plants<\/p>\n<\/td>\n<td style=\"width: 1.48148%;\" width=\"6\">\u00a0<\/td>\n<\/tr>\n<tr>\n<td style=\"width: 32.1739%;\">\n<p><u>Aubergine<\/u><\/p>\n<\/td>\n<td style=\"width: 34.3478%;\" width=\"237\">\n<p>3 plants<\/p>\n<\/td>\n<td style=\"width: 33.4976%;\" width=\"215\">\n<p>5 plants<\/p>\n<\/td>\n<td style=\"width: 1.48148%;\" width=\"6\">\u00a0<\/td>\n<\/tr>\n<tr>\n<td style=\"width: 32.1739%;\">\n<p><u>Basilic<\/u><\/p>\n<\/td>\n<td style=\"width: 34.3478%;\" width=\"237\">\n<p>1 plant X 2 (4 semaines d&rsquo;intervalle)<\/p>\n<\/td>\n<td style=\"width: 33.4976%;\" width=\"215\">\n<p>3 plants X 2 (4 semaines d&rsquo;intervalle)<\/p>\n<\/td>\n<td style=\"width: 1.48148%;\" width=\"6\">\u00a0<\/td>\n<\/tr>\n<tr>\n<td style=\"width: 32.1739%;\">\n<p><u>Bette<\/u><\/p>\n<\/td>\n<td style=\"width: 34.3478%;\" width=\"237\">\n<p>4 plants X 2 (1 mois d&rsquo;intervalle)<\/p>\n<\/td>\n<td style=\"width: 33.4976%;\" width=\"215\">\n<p>6 plants X 2 (1 mois d&rsquo;intervalle)<\/p>\n<\/td>\n<td style=\"width: 1.48148%;\" width=\"6\">\u00a0<\/td>\n<\/tr>\n<tr>\n<td style=\"width: 32.1739%;\">\n<p><u>Betterave de conservation<\/u><\/p>\n<\/td>\n<td style=\"width: 34.3478%;\" width=\"237\">\n<p>6 m, soit 50 unit\u00e9s<\/p>\n<\/td>\n<td style=\"width: 33.4976%;\" width=\"215\">\n<p>8 m, soit 65 unit\u00e9s<\/p>\n<\/td>\n<td style=\"width: 1.48148%;\" width=\"6\">\u00a0<\/td>\n<\/tr>\n<tr>\n<td style=\"width: 32.1739%;\">\n<p><u>Betterave primeur<\/u><\/p>\n<\/td>\n<td style=\"width: 34.3478%;\" width=\"237\">\n<p>2 m, soit 15 unit\u00e9s<\/p>\n<\/td>\n<td style=\"width: 33.4976%;\" width=\"215\">\n<p>5 m, soit 30 unit\u00e9s<\/p>\n<\/td>\n<td style=\"width: 1.48148%;\" width=\"6\">\u00a0<\/td>\n<\/tr>\n<tr>\n<td style=\"width: 32.1739%;\">\n<p><u>Carotte de conservation<\/u><\/p>\n<\/td>\n<td style=\"width: 34.3478%;\" width=\"237\">\n<p>15 m, soit 150 unit\u00e9s<\/p>\n<\/td>\n<td style=\"width: 33.4976%;\" width=\"215\">\n<p>30 m, soit 300 unit\u00e9s<\/p>\n<\/td>\n<td style=\"width: 1.48148%;\" width=\"6\">\u00a0<\/td>\n<\/tr>\n<tr>\n<td style=\"width: 32.1739%;\">\n<p><u>Carotte primeur<\/u><\/p>\n<\/td>\n<td style=\"width: 34.3478%;\" width=\"237\">\n<p>2 m, soit 50 unit\u00e9s<\/p>\n<\/td>\n<td style=\"width: 33.4976%;\" width=\"215\">\n<p>5 m, soit 125 unit\u00e9s<\/p>\n<\/td>\n<td style=\"width: 1.48148%;\" width=\"6\">\u00a0<\/td>\n<\/tr>\n<tr>\n<td style=\"width: 32.1739%;\">\n<p><u>Cassis<\/u><\/p>\n<\/td>\n<td style=\"width: 34.3478%;\" width=\"237\">\n<p>2 pieds<\/p>\n<\/td>\n<td style=\"width: 33.4976%;\" width=\"215\">\n<p>3 pieds<\/p>\n<\/td>\n<td style=\"width: 1.48148%;\" width=\"6\">\u00a0<\/td>\n<\/tr>\n<tr>\n<td style=\"width: 32.1739%;\">\n<p><u>C\u00e9leri-rave<\/u><\/p>\n<\/td>\n<td style=\"width: 34.3478%;\" width=\"237\">\n<p>4 plants<\/p>\n<\/td>\n<td style=\"width: 33.4976%;\" width=\"215\">\n<p>8 plants<\/p>\n<\/td>\n<td style=\"width: 1.48148%;\" width=\"6\">\u00a0<\/td>\n<\/tr>\n<tr>\n<td style=\"width: 32.1739%;\">\n<p><u>C\u00e9leri branches<\/u><\/p>\n<\/td>\n<td style=\"width: 34.3478%;\" width=\"237\">\n<p>3 plants<\/p>\n<\/td>\n<td style=\"width: 33.4976%;\" width=\"215\">\n<p>6 plants<\/p>\n<\/td>\n<td style=\"width: 1.48148%;\" width=\"6\">\u00a0<\/td>\n<\/tr>\n<tr>\n<td style=\"width: 32.1739%;\">\n<p><u>Chicor\u00e9e<\/u><\/p>\n<\/td>\n<td style=\"width: 34.3478%;\" width=\"237\">\n<p>6 m, soit 21 plants<\/p>\n<\/td>\n<td style=\"width: 33.4976%;\" width=\"215\">\n<p>10 m, soit 35 plants<\/p>\n<\/td>\n<td style=\"width: 1.48148%;\" width=\"6\">\u00a0<\/td>\n<\/tr>\n<tr>\n<td style=\"width: 32.1739%;\">\n<p><u>Chou brocoli<\/u><\/p>\n<\/td>\n<td style=\"width: 34.3478%;\" width=\"237\">\n<p>4 plants<\/p>\n<\/td>\n<td style=\"width: 33.4976%;\" width=\"215\">\n<p>6 plants<\/p>\n<\/td>\n<td style=\"width: 1.48148%;\" width=\"6\">\u00a0<\/td>\n<\/tr>\n<tr>\n<td style=\"width: 32.1739%;\">\n<p><u>Chou de Bruxelles<\/u><\/p>\n<\/td>\n<td style=\"width: 34.3478%;\" width=\"237\">\n<p>4 plants<\/p>\n<\/td>\n<td style=\"width: 33.4976%;\" width=\"215\">\n<p>6 plants<\/p>\n<\/td>\n<td style=\"width: 1.48148%;\" width=\"6\">\u00a0<\/td>\n<\/tr>\n<tr>\n<td style=\"width: 32.1739%;\">\n<p><u>Chou fris\u00e9 et de Milan<\/u><\/p>\n<\/td>\n<td style=\"width: 34.3478%;\" width=\"237\">\n<p>5 plants<\/p>\n<\/td>\n<td style=\"width: 33.4976%;\" width=\"215\">\n<p>10 plants<\/p>\n<\/td>\n<td style=\"width: 1.48148%;\" width=\"6\">\u00a0<\/td>\n<\/tr>\n<tr>\n<td style=\"width: 32.1739%;\">\n<p><u>Chou Kale<\/u><\/p>\n<\/td>\n<td style=\"width: 34.3478%;\" width=\"237\">\n<p>4 plants<\/p>\n<\/td>\n<td style=\"width: 33.4976%;\" width=\"215\">\n<p>8 plants<\/p>\n<\/td>\n<td style=\"width: 1.48148%;\" width=\"6\">\u00a0<\/td>\n<\/tr>\n<tr>\n<td style=\"width: 32.1739%;\">\n<p><u>Chou-fleur<\/u><\/p>\n<\/td>\n<td style=\"width: 34.3478%;\" width=\"237\">\n<p>3 plants<\/p>\n<\/td>\n<td style=\"width: 33.4976%;\" width=\"215\">\n<p>6 plants<\/p>\n<\/td>\n<td style=\"width: 1.48148%;\" width=\"6\">\u00a0<\/td>\n<\/tr>\n<tr>\n<td style=\"width: 32.1739%;\">\n<p><u>Chou primeur<\/u><\/p>\n<\/td>\n<td style=\"width: 34.3478%;\" width=\"237\">\n<p>3 plants<\/p>\n<\/td>\n<td style=\"width: 33.4976%;\" width=\"215\">\n<p>6 plants<\/p>\n<\/td>\n<td style=\"width: 1.48148%;\" width=\"6\">\u00a0<\/td>\n<\/tr>\n<tr>\n<td style=\"width: 32.1739%;\">\n<p><u>Chou chinois<\/u><\/p>\n<\/td>\n<td style=\"width: 34.3478%;\" width=\"237\">\n<p>3 m, soit 12 plants<\/p>\n<\/td>\n<td style=\"width: 33.4976%;\" width=\"215\">\n<p>5 m, soit 20 plants<\/p>\n<\/td>\n<td style=\"width: 1.48148%;\" width=\"6\">\u00a0<\/td>\n<\/tr>\n<tr>\n<td style=\"width: 32.1739%;\">\n<p><u>Chou-rave<\/u><\/p>\n<\/td>\n<td style=\"width: 34.3478%;\" width=\"237\">\n<p>3 m, soit 12 plants<\/p>\n<\/td>\n<td style=\"width: 33.4976%;\" width=\"215\">\n<p>5 m, soit 20 plants<\/p>\n<\/td>\n<td style=\"width: 1.48148%;\" width=\"6\">\u00a0<\/td>\n<\/tr>\n<tr>\n<td style=\"width: 32.1739%;\">\n<p><u>Concombre<\/u><\/p>\n<\/td>\n<td style=\"width: 34.3478%;\" width=\"237\">\n<p>2 plants X 3 (3 semaines d&rsquo;intervalle)<\/p>\n<\/td>\n<td style=\"width: 33.4976%;\" width=\"215\">\n<p>3 plants X 3 (3 semaines d&rsquo;intervalle)<\/p>\n<\/td>\n<td style=\"width: 1.48148%;\" width=\"6\">\u00a0<\/td>\n<\/tr>\n<tr>\n<td style=\"width: 32.1739%;\">\n<p><u>Cornichon<\/u><\/p>\n<\/td>\n<td style=\"width: 34.3478%;\" width=\"237\">\n<p>3 plants<\/p>\n<\/td>\n<td style=\"width: 33.4976%;\" width=\"215\">\n<p>5 plants<\/p>\n<\/td>\n<td style=\"width: 1.48148%;\" width=\"6\">\u00a0<\/td>\n<\/tr>\n<tr>\n<td style=\"width: 32.1739%;\">\n<p><u>Courge<\/u><\/p>\n<\/td>\n<td style=\"width: 34.3478%;\" width=\"237\">\n<p>5 plants<\/p>\n<\/td>\n<td style=\"width: 33.4976%;\" width=\"215\">\n<p>10 plants<\/p>\n<\/td>\n<td style=\"width: 1.48148%;\" width=\"6\">\u00a0<\/td>\n<\/tr>\n<tr>\n<td style=\"width: 32.1739%;\">\n<p><u>Courgette<\/u><\/p>\n<\/td>\n<td style=\"width: 34.3478%;\" width=\"237\">\n<p>2 plants X 3 (3 semaines d&rsquo;intervalle)<\/p>\n<\/td>\n<td style=\"width: 33.4976%;\" width=\"215\">\n<p>3 plants X 3 (3 semaines d&rsquo;intervalle)<\/p>\n<\/td>\n<td style=\"width: 1.48148%;\" width=\"6\">\u00a0<\/td>\n<\/tr>\n<tr>\n<td style=\"width: 32.1739%;\">\n<p><u>\u00c9chalote<\/u><\/p>\n<\/td>\n<td style=\"width: 34.3478%;\" width=\"237\">\n<p>5 m, soit 35 cayeux<\/p>\n<\/td>\n<td style=\"width: 33.4976%;\" width=\"215\">\n<p>10 m, soit 70 cayeux<\/p>\n<\/td>\n<td style=\"width: 1.48148%;\" width=\"6\">\u00a0<\/td>\n<\/tr>\n<tr>\n<td style=\"width: 32.1739%;\">\n<p><u>Endive<\/u><\/p>\n<\/td>\n<td style=\"width: 34.3478%;\" width=\"237\">\n<p>5 m, soit 30 unit\u00e9s<\/p>\n<\/td>\n<td style=\"width: 33.4976%;\" width=\"215\">\n<p>10 m, soit 60 unit\u00e9s<\/p>\n<\/td>\n<td style=\"width: 1.48148%;\" width=\"6\">\u00a0<\/td>\n<\/tr>\n<tr>\n<td style=\"width: 32.1739%;\">\n<p><u>\u00c9pinard d&rsquo;automne<\/u><\/p>\n<\/td>\n<td style=\"width: 34.3478%;\" width=\"237\">\n<p>3 m, soit 30 unit\u00e9s<\/p>\n<\/td>\n<td style=\"width: 33.4976%;\" width=\"215\">\n<p>5 m, soit 50 unit\u00e9s<\/p>\n<\/td>\n<td style=\"width: 1.48148%;\" width=\"6\">\u00a0<\/td>\n<\/tr>\n<tr>\n<td style=\"width: 32.1739%;\">\n<p><u>\u00c9pinard d&rsquo;hiver<\/u><\/p>\n<\/td>\n<td style=\"width: 34.3478%;\" width=\"237\">\n<p>3 m, soit 30 unit\u00e9s<\/p>\n<\/td>\n<td style=\"width: 33.4976%;\" width=\"215\">\n<p>5 m, soit 50 unit\u00e9s<\/p>\n<\/td>\n<td style=\"width: 1.48148%;\" width=\"6\">\u00a0<\/td>\n<\/tr>\n<tr>\n<td style=\"width: 32.1739%;\">\n<p><u>F\u00e8ve<\/u><\/p>\n<\/td>\n<td style=\"width: 34.3478%;\" width=\"237\">\n<p>3 m, soit 12 poquets<\/p>\n<\/td>\n<td style=\"width: 33.4976%;\" width=\"215\">\n<p>5 m, soit 20 poquets<\/p>\n<\/td>\n<td style=\"width: 1.48148%;\" width=\"6\">\u00a0<\/td>\n<\/tr>\n<tr>\n<td style=\"width: 32.1739%;\">\n<p><u>Fraisier<\/u><\/p>\n<\/td>\n<td style=\"width: 34.3478%;\" width=\"237\">\n<p>6 m, soit 30 plants<\/p>\n<\/td>\n<td style=\"width: 33.4976%;\" width=\"215\">\n<p>10 m, soit 50 plants<\/p>\n<\/td>\n<td style=\"width: 1.48148%;\" width=\"6\">\u00a0<\/td>\n<\/tr>\n<tr>\n<td style=\"width: 32.1739%;\">\n<p><u>Framboisier<\/u><\/p>\n<\/td>\n<td style=\"width: 34.3478%;\" width=\"237\">\n<p>4 m, soit 16 pieds<\/p>\n<\/td>\n<td style=\"width: 33.4976%;\" width=\"215\">\n<p>6 m, soit 24 pieds<\/p>\n<\/td>\n<td style=\"width: 1.48148%;\" width=\"6\">\u00a0<\/td>\n<\/tr>\n<tr>\n<td style=\"width: 32.1739%;\">\n<p><u>Groseillier<\/u><\/p>\n<\/td>\n<td style=\"width: 34.3478%;\" width=\"237\">\n<p>3 pieds<\/p>\n<\/td>\n<td style=\"width: 33.4976%;\" width=\"215\">\n<p>4 pieds<\/p>\n<\/td>\n<td style=\"width: 1.48148%;\" width=\"6\">\u00a0<\/td>\n<\/tr>\n<tr>\n<td style=\"width: 32.1739%;\">\n<p><u>Haricot sec<\/u><\/p>\n<\/td>\n<td style=\"width: 34.3478%;\" width=\"237\">\n<p>4 m, soit 10 poquets<\/p>\n<\/td>\n<td style=\"width: 33.4976%;\" width=\"215\">\n<p>6 m, soit 15 poquets<\/p>\n<\/td>\n<td style=\"width: 1.48148%;\" width=\"6\">\u00a0<\/td>\n<\/tr>\n<tr>\n<td style=\"width: 32.1739%;\">\n<p><u>Haricot demi-sec<\/u><\/p>\n<\/td>\n<td style=\"width: 34.3478%;\" width=\"237\">\n<p>4 m, soit 10 poquets<\/p>\n<\/td>\n<td style=\"width: 33.4976%;\" width=\"215\">\n<p>6 m, soit 15 poquets<\/p>\n<\/td>\n<td style=\"width: 1.48148%;\" width=\"6\">\u00a0<\/td>\n<\/tr>\n<tr>\n<td style=\"width: 32.1739%;\">\n<p><u>Haricot vert<\/u><\/p>\n<\/td>\n<td style=\"width: 34.3478%;\" width=\"237\">\n<p>4 m, soit 32 poquets X 3 (3 semaines d&rsquo;intervalle)<\/p>\n<\/td>\n<td style=\"width: 33.4976%;\" width=\"215\">\n<p>5 m, soit 40 poquets X 3 (3 semaines d&rsquo;intervalles)<\/p>\n<\/td>\n<td style=\"width: 1.48148%;\" width=\"6\">\u00a0<\/td>\n<\/tr>\n<tr>\n<td style=\"width: 32.1739%;\">\n<p><u>Laitue primeur\/hiver<\/u><\/p>\n<\/td>\n<td style=\"width: 34.3478%;\" width=\"237\">\n<p>2 m, soit 8 plants X 5 (3 semaines d&rsquo;intervalle)<\/p>\n<\/td>\n<td style=\"width: 33.4976%;\" width=\"215\">\n<p>5 m, soit 20 plants X 5 (3 semaines d&rsquo;intervalle)<\/p>\n<\/td>\n<td style=\"width: 1.48148%;\" width=\"6\">\u00a0<\/td>\n<\/tr>\n<tr>\n<td style=\"width: 32.1739%;\">\n<p><u>M\u00e2che d&rsquo;automne<\/u><\/p>\n<\/td>\n<td style=\"width: 34.3478%;\" width=\"237\">\n<p>3 m, soit 150 unit\u00e9s<\/p>\n<\/td>\n<td style=\"width: 33.4976%;\" width=\"215\">\n<p>5 m, soit 250 unit\u00e9s<\/p>\n<\/td>\n<td style=\"width: 1.48148%;\" width=\"6\">\u00a0<\/td>\n<\/tr>\n<tr>\n<td style=\"width: 32.1739%;\">\n<p><u>M\u00e2che d&rsquo;hiver<\/u><\/p>\n<\/td>\n<td style=\"width: 34.3478%;\" width=\"237\">\n<p>5 m, soit 250 unit\u00e9s<\/p>\n<\/td>\n<td style=\"width: 33.4976%;\" width=\"215\">\n<p>10 m, soit 500 unit\u00e9s<\/p>\n<\/td>\n<td style=\"width: 1.48148%;\" width=\"6\">\u00a0<\/td>\n<\/tr>\n<tr>\n<td style=\"width: 32.1739%;\">\n<p><u>Ma\u00efs doux<\/u><\/p>\n<\/td>\n<td style=\"width: 34.3478%;\" width=\"237\">\n<p>2 unit\u00e9s<\/p>\n<\/td>\n<td style=\"width: 33.4976%;\" width=\"215\">\n<p>6 unit\u00e9s<\/p>\n<\/td>\n<td style=\"width: 1.48148%;\" width=\"6\">\u00a0<\/td>\n<\/tr>\n<tr>\n<td style=\"width: 32.1739%;\">\n<p><u>Melon<\/u><\/p>\n<\/td>\n<td style=\"width: 34.3478%;\" width=\"237\">\n<p>2 plants<\/p>\n<\/td>\n<td style=\"width: 33.4976%;\" width=\"215\">\n<p>2 plants<\/p>\n<\/td>\n<td style=\"width: 1.48148%;\" width=\"6\">\u00a0<\/td>\n<\/tr>\n<tr>\n<td style=\"width: 32.1739%;\">\n<p><u>Navet primeur<\/u><\/p>\n<\/td>\n<td style=\"width: 34.3478%;\" width=\"237\">\n<p>2 m, soit 30 unit\u00e9s<\/p>\n<\/td>\n<td style=\"width: 33.4976%;\" width=\"215\">\n<p>4 m, soit 60 unit\u00e9s<\/p>\n<\/td>\n<td style=\"width: 1.48148%;\" width=\"6\">\u00a0<\/td>\n<\/tr>\n<tr>\n<td style=\"width: 32.1739%;\">\n<p><u>Navet de conservation<\/u><\/p>\n<\/td>\n<td style=\"width: 34.3478%;\" width=\"237\">\n<p>6 m, soit 72 unit\u00e9s<\/p>\n<\/td>\n<td style=\"width: 33.4976%;\" width=\"215\">\n<p>8 m, soit 96 unit\u00e9s<\/p>\n<\/td>\n<td style=\"width: 1.48148%;\" width=\"6\">\u00a0<\/td>\n<\/tr>\n<tr>\n<td style=\"width: 32.1739%;\">\n<p><u>Oignon bulbille<\/u><\/p>\n<\/td>\n<td style=\"width: 34.3478%;\" width=\"237\">\n<p>6 m, soit 60 unit\u00e9s<\/p>\n<\/td>\n<td style=\"width: 33.4976%;\" width=\"215\">\n<p>8 m, soit 80 unit\u00e9s<\/p>\n<\/td>\n<td style=\"width: 1.48148%;\" width=\"6\">\u00a0<\/td>\n<\/tr>\n<tr>\n<td style=\"width: 32.1739%;\">\n<p><u>Oignon de semis<\/u><\/p>\n<\/td>\n<td style=\"width: 34.3478%;\" width=\"237\">\n<p>6 m, soit 60 unit\u00e9s<\/p>\n<\/td>\n<td style=\"width: 33.4976%;\" width=\"215\">\n<p>8 m, soit 80 unit\u00e9s<\/p>\n<\/td>\n<td style=\"width: 1.48148%;\" width=\"6\">\u00a0<\/td>\n<\/tr>\n<tr>\n<td style=\"width: 32.1739%;\">\n<p><u>Oignon primeur<\/u><\/p>\n<\/td>\n<td style=\"width: 34.3478%;\" width=\"237\">\n<p>2 m, soit 20 plants<\/p>\n<\/td>\n<td style=\"width: 33.4976%;\" width=\"215\">\n<p>4 m, soit 40 plants<\/p>\n<\/td>\n<td style=\"width: 1.48148%;\" width=\"6\">\u00a0<\/td>\n<\/tr>\n<tr>\n<td style=\"width: 32.1739%;\">\n<p><u>Panais<\/u><\/p>\n<\/td>\n<td style=\"width: 34.3478%;\" width=\"237\">\n<p>6 m, soit 48 unit\u00e9s<\/p>\n<\/td>\n<td style=\"width: 33.4976%;\" width=\"215\">\n<p>8 m, soit 64 unit\u00e9s<\/p>\n<\/td>\n<td style=\"width: 1.48148%;\" width=\"6\">\u00a0<\/td>\n<\/tr>\n<tr>\n<td style=\"width: 32.1739%;\">\n<p><u>Persil plat ou fris\u00e9<\/u><\/p>\n<\/td>\n<td style=\"width: 34.3478%;\" width=\"237\">\n<p>0,5 m\u00b2, soit 50 plants<\/p>\n<\/td>\n<td style=\"width: 33.4976%;\" width=\"215\">\n<p>1 m\u00b2, soit 100 plants<\/p>\n<\/td>\n<td style=\"width: 1.48148%;\" width=\"6\">\u00a0<\/td>\n<\/tr>\n<tr>\n<td style=\"width: 32.1739%;\">\n<p><u>Petit pois<\/u><\/p>\n<\/td>\n<td style=\"width: 34.3478%;\" width=\"237\">\n<p>3 m, soit 12 poquets X 2 (1 mois d&rsquo;intervalle)<\/p>\n<\/td>\n<td style=\"width: 33.4976%;\" width=\"215\">\n<p>5 m, soit 20 poquets X 2 (1 mois d&rsquo;intervalle)<\/p>\n<\/td>\n<td style=\"width: 1.48148%;\" width=\"6\">\u00a0<\/td>\n<\/tr>\n<tr>\n<td style=\"width: 32.1739%;\">\n<p><u>Piment<\/u><\/p>\n<\/td>\n<td style=\"width: 34.3478%;\" width=\"237\">\n<p>1 plant<\/p>\n<\/td>\n<td style=\"width: 33.4976%;\" width=\"215\">\n<p>2 plants<\/p>\n<\/td>\n<td style=\"width: 1.48148%;\" width=\"6\">\u00a0<\/td>\n<\/tr>\n<tr>\n<td style=\"width: 32.1739%;\">\n<p><u>Poivron<\/u><\/p>\n<\/td>\n<td style=\"width: 34.3478%;\" width=\"237\">\n<p>2 plants<\/p>\n<\/td>\n<td style=\"width: 33.4976%;\" width=\"215\">\n<p>4 plants<\/p>\n<\/td>\n<td style=\"width: 1.48148%;\" width=\"6\">\u00a0<\/td>\n<\/tr>\n<tr>\n<td style=\"width: 32.1739%;\">\n<p><u>Poireau<\/u><\/p>\n<\/td>\n<td style=\"width: 34.3478%;\" width=\"237\">\n<p>8 m, soit 64 plants<\/p>\n<\/td>\n<td style=\"width: 33.4976%;\" width=\"215\">\n<p>16 m, soit 128 plants<\/p>\n<\/td>\n<td style=\"width: 1.48148%;\" width=\"6\">\u00a0<\/td>\n<\/tr>\n<tr>\n<td style=\"width: 32.1739%;\">\n<p><u>Pomme de terre primeur<\/u><\/p>\n<\/td>\n<td style=\"width: 34.3478%;\" width=\"237\">\n<p>3 m, soit 12 tubercules<\/p>\n<\/td>\n<td style=\"width: 33.4976%;\" width=\"215\">\n<p>5 m, soit 20 tubercules<\/p>\n<\/td>\n<td style=\"width: 1.48148%;\" width=\"6\">\u00a0<\/td>\n<\/tr>\n<tr>\n<td style=\"width: 32.1739%;\">\n<p><u>Pomme de terre de conservation<\/u><\/p>\n<\/td>\n<td style=\"width: 34.3478%;\" width=\"237\">\n<p>40 m, soit 90 tubercules<\/p>\n<\/td>\n<td style=\"width: 33.4976%;\" width=\"215\">\n<p>80 m, soit 180 tubercules<\/p>\n<\/td>\n<td style=\"width: 1.48148%;\" width=\"6\">\u00a0<\/td>\n<\/tr>\n<tr>\n<td style=\"width: 32.1739%;\">\n<p><u>Radis de tous les mois<\/u><\/p>\n<\/td>\n<td style=\"width: 34.3478%;\" width=\"237\">\n<p>1 m, soit 50 unit\u00e9s X 5 (3 semaines d&rsquo;intervalle)<\/p>\n<\/td>\n<td style=\"width: 33.4976%;\" width=\"215\">\n<p>2 m, soit 100 unit\u00e9s X 5 (3 semaines d&rsquo;intervalle)<\/p>\n<\/td>\n<td style=\"width: 1.48148%;\" width=\"6\">\u00a0<\/td>\n<\/tr>\n<tr>\n<td style=\"width: 32.1739%;\">\n<p><u>Radis d\u2019hiver<\/u><\/p>\n<\/td>\n<td style=\"width: 34.3478%;\" width=\"237\">\n<p>4 m, soit 32 unit\u00e9s<\/p>\n<\/td>\n<td style=\"width: 33.4976%;\" width=\"215\">\n<p>6 m, soit 48 unit\u00e9s<\/p>\n<\/td>\n<td style=\"width: 1.48148%;\" width=\"6\">\u00a0<\/td>\n<\/tr>\n<tr>\n<td style=\"width: 32.1739%;\">\n<p><u>Tomate<\/u><\/p>\n<\/td>\n<td style=\"width: 34.3478%;\" width=\"237\">\n<p>6 plants<\/p>\n<\/td>\n<td style=\"width: 33.4976%;\" width=\"215\">\n<p>12 plants<\/p>\n<\/td>\n<td style=\"width: 1.48148%;\" width=\"6\">\u00a0<\/td>\n<\/tr>\n<tr>\n<td style=\"width: 32.1739%;\">\n<p><u>Topinambour<\/u><\/p>\n<\/td>\n<td style=\"width: 34.3478%;\" width=\"237\">\n<p>2 plants<\/p>\n<\/td>\n<td style=\"width: 33.4976%;\" width=\"215\">\n<p>4 plants<\/p>\n<\/td>\n<td style=\"width: 1.48148%;\" width=\"6\">\u00a0<\/td>\n<\/tr>\n<\/tbody>\n<\/table>\n<p>\u00a0<\/p>\n","protected":false},"excerpt":{"rendered":"<p>Pour votre\u00a0 premier potager, ne voyez pas trop grand. La culture de votre potager doit repr\u00e9senter un plaisir et non une corv\u00e9e\u00a0! Les potagers traditionnels s\u2019organisent en \u00ab\u00a0planches\u00a0\u00bb rectangulaires ou en carr\u00e9s. D\u00e9butez avec quelques planches ou\u00a0carr\u00e9s&#8230; Apr\u00e8s une premi\u00e8re saison de culture, vous pourrez\u00a0 ajouter quelques planches ou carr\u00e9s suppl\u00e9mentaires. Le fait d&rsquo;agrandir progressivement &hellip; <a href=\"https:\/\/www.tomatofanny.com\/index.php\/2-un-potager-de-quelle-taille\/\" class=\"more-link\">Continuer la lecture de <span class=\"screen-reader-text\">2\/Un potager de quelle taille ?<\/span><\/a><\/p>\n","protected":false},"author":1,"featured_media":0,"parent":0,"menu_order":0,"comment_status":"closed","ping_status":"closed","template":"","meta":{"footnotes":""},"class_list":["post-1306","page","type-page","status-publish","hentry"],"_links":{"self":[{"href":"https:\/\/www.tomatofanny.com\/index.php\/wp-json\/wp\/v2\/pages\/1306","targetHints":{"allow":["GET"]}}],"collection":[{"href":"https:\/\/www.tomatofanny.com\/index.php\/wp-json\/wp\/v2\/pages"}],"about":[{"href":"https:\/\/www.tomatofanny.com\/index.php\/wp-json\/wp\/v2\/types\/page"}],"author":[{"embeddable":true,"href":"https:\/\/www.tomatofanny.com\/index.php\/wp-json\/wp\/v2\/users\/1"}],"replies":[{"embeddable":true,"href":"https:\/\/www.tomatofanny.com\/index.php\/wp-json\/wp\/v2\/comments?post=1306"}],"version-history":[{"count":3,"href":"https:\/\/www.tomatofanny.com\/index.php\/wp-json\/wp\/v2\/pages\/1306\/revisions"}],"predecessor-version":[{"id":1309,"href":"https:\/\/www.tomatofanny.com\/index.php\/wp-json\/wp\/v2\/pages\/1306\/revisions\/1309"}],"wp:attachment":[{"href":"https:\/\/www.tomatofanny.com\/index.php\/wp-json\/wp\/v2\/media?parent=1306"}],"curies":[{"name":"wp","href":"https:\/\/api.w.org\/{rel}","templated":true}]}}